{"id":27137,"date":"2023-11-10T14:08:08","date_gmt":"2023-11-10T14:08:08","guid":{"rendered":"https:\/\/emlak24tr.com\/news\/"},"modified":"2023-11-12T17:23:25","modified_gmt":"2023-11-12T17:23:25","slug":"news","status":"publish","type":"page","link":"https:\/\/emlak24tr.com\/en\/news\/","title":{"rendered":"News"},"content":{"rendered":"\t\t<div data-elementor-type=\"wp-page\" data-elementor-id=\"27137\" class=\"elementor elementor-27137 elementor-27078\" data-elementor-post-type=\"page\">\n\t\t\t\t<div class=\"elementor-element elementor-element-462b1618 e-flex e-con-boxed e-con e-parent\" data-id=\"462b1618\" data-element_type=\"container\" data-e-type=\"container\" data-settings=\"{&quot;background_slideshow_gallery&quot;:[{&quot;id&quot;:24320,&quot;url&quot;:&quot;https:\\\/\\\/emlak24tr.com\\\/wp-content\\\/uploads\\\/revslider\\\/architecture-process\\\/istur_Neo-futuristic_house_with_pool_architecture_by_david_rock_997de75f-5df4-4851-89b3-9ab751d93bbf-min.png&quot;},{&quot;id&quot;:24193,&quot;url&quot;:&quot;https:\\\/\\\/emlak24tr.com\\\/wp-content\\\/uploads\\\/2023\\\/07\\\/83-EX-IMG-SKYLAND-Istanbul-Emlak24TR.com_.jpg&quot;}],&quot;background_background&quot;:&quot;slideshow&quot;,&quot;background_slideshow_loop&quot;:&quot;yes&quot;,&quot;background_slideshow_slide_duration&quot;:5000,&quot;background_slideshow_slide_transition&quot;:&quot;fade&quot;,&quot;background_slideshow_transition_duration&quot;:500}\">\n\t\t\t\t\t<div class=\"e-con-inner\">\n\t\t<div class=\"elementor-element elementor-element-2da41f8 e-con-full e-flex e-con e-child\" data-id=\"2da41f8\" data-element_type=\"container\" data-e-type=\"container\">\n\t\t\t\t<div class=\"elementor-element elementor-element-e4710d9 elementor-widget elementor-widget-image\" data-id=\"e4710d9\" data-element_type=\"widget\" data-e-type=\"widget\" data-widget_type=\"image.default\">\n\t\t\t\t<div class=\"elementor-widget-container\">\n\t\t\t\t\t\t\t\t\t\t\t\t\t\t\t\t<a href=\"https:\/\/emlak24tr.com\/en\/become-our-portfolio-finder\/\">\n\t\t\t\t\t\t\t<img fetchpriority=\"high\" decoding=\"async\" width=\"543\" height=\"540\" src=\"https:\/\/emlak24tr.com\/wp-content\/uploads\/2023\/11\/Potfoy-Bulucumuz-Olun.jpg\" class=\"attachment-large size-large wp-image-27097\" alt=\"\" srcset=\"https:\/\/emlak24tr.com\/wp-content\/uploads\/2023\/11\/Potfoy-Bulucumuz-Olun.jpg 543w, https:\/\/emlak24tr.com\/wp-content\/uploads\/2023\/11\/Potfoy-Bulucumuz-Olun-300x298.jpg 300w, https:\/\/emlak24tr.com\/wp-content\/uploads\/2023\/11\/Potfoy-Bulucumuz-Olun-150x150.jpg 150w, https:\/\/emlak24tr.com\/wp-content\/uploads\/2023\/11\/Potfoy-Bulucumuz-Olun-496x493.jpg 496w\" sizes=\"(max-width: 543px) 100vw, 543px\" \/>\t\t\t\t\t\t\t\t<\/a>\n\t\t\t\t\t\t\t\t\t\t\t\t\t\t\t<\/div>\n\t\t\t\t<\/div>\n\t\t\t\t<\/div>\n\t\t<div class=\"elementor-element elementor-element-39f9d7a e-con-full e-flex e-con e-child\" data-id=\"39f9d7a\" data-element_type=\"container\" data-e-type=\"container\">\n\t\t<div class=\"elementor-element elementor-element-2a2295ae e-flex e-con-boxed e-con e-child\" data-id=\"2a2295ae\" data-element_type=\"container\" data-e-type=\"container\" data-settings=\"{&quot;background_background&quot;:&quot;classic&quot;}\">\n\t\t\t\t\t<div class=\"e-con-inner\">\n\t\t\t\t<div class=\"elementor-element elementor-element-683e0105 elementor-widget elementor-widget-heading\" data-id=\"683e0105\" data-element_type=\"widget\" data-e-type=\"widget\" data-widget_type=\"heading.default\">\n\t\t\t\t<div class=\"elementor-widget-container\">\n\t\t\t\t\t<h1 class=\"elementor-heading-title elementor-size-default\">NEWS<\/h1>\t\t\t\t<\/div>\n\t\t\t\t<\/div>\n\t\t\t\t\t<\/div>\n\t\t\t\t<\/div>\n\t\t\t\t<\/div>\n\t\t\t\t\t<\/div>\n\t\t\t\t<\/div>\n\t\t<div class=\"elementor-element elementor-element-47bd0cc8 e-flex e-con-boxed e-con e-parent\" data-id=\"47bd0cc8\" data-element_type=\"container\" data-e-type=\"container\">\n\t\t\t\t\t<div class=\"e-con-inner\">\n\t\t\t\t<div class=\"elementor-element elementor-element-1ac35995 elementor-posts__hover-none elementor-grid-3 elementor-grid-tablet-2 elementor-grid-mobile-1 elementor-posts--thumbnail-top elementor-widget elementor-widget-posts\" data-id=\"1ac35995\" data-element_type=\"widget\" data-e-type=\"widget\" data-settings=\"{&quot;cards_row_gap&quot;:{&quot;unit&quot;:&quot;px&quot;,&quot;size&quot;:80,&quot;sizes&quot;:[]},&quot;cards_row_gap_tablet&quot;:{&quot;unit&quot;:&quot;px&quot;,&quot;size&quot;:71,&quot;sizes&quot;:[]},&quot;cards_row_gap_mobile&quot;:{&quot;unit&quot;:&quot;px&quot;,&quot;size&quot;:30,&quot;sizes&quot;:[]},&quot;pagination_type&quot;:&quot;numbers&quot;,&quot;cards_columns&quot;:&quot;3&quot;,&quot;cards_columns_tablet&quot;:&quot;2&quot;,&quot;cards_columns_mobile&quot;:&quot;1&quot;}\" data-widget_type=\"posts.cards\">\n\t\t\t\t<div class=\"elementor-widget-container\">\n\t\t\t\t\t\t\t<div class=\"elementor-posts-container elementor-posts elementor-posts--skin-cards elementor-grid\" role=\"list\">\n\t\t\t\t<article class=\"elementor-post elementor-grid-item post-26955 property type-property status-publish has-post-thumbnail hentry\" role=\"listitem\">\n\t\t\t<div class=\"elementor-post__card\">\n\t\t\t\t<a class=\"elementor-post__thumbnail__link\" href=\"https:\/\/emlak24tr.com\/en\/property\/9786-m2-field-for-sale-in-manyas-balikesir\/\" tabindex=\"-1\" ><div class=\"elementor-post__thumbnail\"><img decoding=\"async\" width=\"1350\" height=\"562\" src=\"https:\/\/emlak24tr.com\/wp-content\/uploads\/2023\/09\/satilik_arsa_balikesir-manyas-1.jpg\" class=\"attachment-full size-full wp-image-26878\" alt=\"\" srcset=\"https:\/\/emlak24tr.com\/wp-content\/uploads\/2023\/09\/satilik_arsa_balikesir-manyas-1.jpg 1350w, https:\/\/emlak24tr.com\/wp-content\/uploads\/2023\/09\/satilik_arsa_balikesir-manyas-1-300x125.jpg 300w, https:\/\/emlak24tr.com\/wp-content\/uploads\/2023\/09\/satilik_arsa_balikesir-manyas-1-1024x426.jpg 1024w, https:\/\/emlak24tr.com\/wp-content\/uploads\/2023\/09\/satilik_arsa_balikesir-manyas-1-768x320.jpg 768w, https:\/\/emlak24tr.com\/wp-content\/uploads\/2023\/09\/satilik_arsa_balikesir-manyas-1-496x206.jpg 496w\" sizes=\"(max-width: 1350px) 100vw, 1350px\" \/><\/div><\/a>\n\t\t\t\t<div class=\"elementor-post__text\">\n\t\t\t\t<h4 class=\"elementor-post__title\">\n\t\t\t<a href=\"https:\/\/emlak24tr.com\/en\/property\/9786-m2-field-for-sale-in-manyas-balikesir\/\" >\n\t\t\t\t9786 m2 Field for Sale in Manyas, Bal\u0131kesir\t\t\t<\/a>\n\t\t<\/h4>\n\t\t\t\t<div class=\"elementor-post__excerpt\">\n\t\t\t\t\t<\/div>\n\t\t\t\t\t<div class=\"elementor-post__read-more-wrapper\">\n\t\t\n\t\t<a class=\"elementor-post__read-more\" href=\"https:\/\/emlak24tr.com\/en\/property\/9786-m2-field-for-sale-in-manyas-balikesir\/\" aria-label=\"Read more about 9786 m2 Field for Sale in Manyas, Bal\u0131kesir\" tabindex=\"-1\" >\n\t\t\tRead More \u00bb\t\t<\/a>\n\n\t\t\t\t\t<\/div>\n\t\t\t\t<\/div>\n\t\t\t\t\t<\/div>\n\t\t<\/article>\n\t\t\t\t<article class=\"elementor-post elementor-grid-item post-26978 property type-property status-publish has-post-thumbnail hentry property_type-field property_type-land property_status-for-sale property_feature-credit-eligible property_feature-land-features property_feature-there-is-a-way property_label-plot property_country-turkiye property_state-aegean-region-en property_city-emet-en property_city-kutahya-en property-class-land region-central-anatolia-region\" role=\"listitem\">\n\t\t\t<div class=\"elementor-post__card\">\n\t\t\t\t<a class=\"elementor-post__thumbnail__link\" href=\"https:\/\/emlak24tr.com\/en\/property\/1975-m2-land-for-sale-in-emet-kutahya\/\" tabindex=\"-1\" ><div class=\"elementor-post__thumbnail\"><img decoding=\"async\" width=\"1357\" height=\"557\" src=\"https:\/\/emlak24tr.com\/wp-content\/uploads\/2023\/09\/satilik_arsa_kutahya-emet-1-1.jpg\" class=\"attachment-full size-full wp-image-26867\" alt=\"\" srcset=\"https:\/\/emlak24tr.com\/wp-content\/uploads\/2023\/09\/satilik_arsa_kutahya-emet-1-1.jpg 1357w, https:\/\/emlak24tr.com\/wp-content\/uploads\/2023\/09\/satilik_arsa_kutahya-emet-1-1-300x123.jpg 300w, https:\/\/emlak24tr.com\/wp-content\/uploads\/2023\/09\/satilik_arsa_kutahya-emet-1-1-1024x420.jpg 1024w, https:\/\/emlak24tr.com\/wp-content\/uploads\/2023\/09\/satilik_arsa_kutahya-emet-1-1-768x315.jpg 768w, https:\/\/emlak24tr.com\/wp-content\/uploads\/2023\/09\/satilik_arsa_kutahya-emet-1-1-496x204.jpg 496w\" sizes=\"(max-width: 1357px) 100vw, 1357px\" \/><\/div><\/a>\n\t\t\t\t<div class=\"elementor-post__text\">\n\t\t\t\t<h4 class=\"elementor-post__title\">\n\t\t\t<a href=\"https:\/\/emlak24tr.com\/en\/property\/1975-m2-land-for-sale-in-emet-kutahya\/\" >\n\t\t\t\t1975 m2 Land for Sale in Emet, K\u00fctahya\t\t\t<\/a>\n\t\t<\/h4>\n\t\t\t\t<div class=\"elementor-post__excerpt\">\n\t\t\t<p>For the future, for investment, our land of opportunity has been presented to you, our valued customers.<\/p>\n\t\t<\/div>\n\t\t\t\t\t<div class=\"elementor-post__read-more-wrapper\">\n\t\t\n\t\t<a class=\"elementor-post__read-more\" href=\"https:\/\/emlak24tr.com\/en\/property\/1975-m2-land-for-sale-in-emet-kutahya\/\" aria-label=\"Read more about 1975 m2 Land for Sale in Emet, K\u00fctahya\" tabindex=\"-1\" >\n\t\t\tRead More \u00bb\t\t<\/a>\n\n\t\t\t\t\t<\/div>\n\t\t\t\t<\/div>\n\t\t\t\t\t<\/div>\n\t\t<\/article>\n\t\t\t\t<article class=\"elementor-post elementor-grid-item post-26954 property type-property status-publish has-post-thumbnail hentry property_type-building-en property_type-house-en property_type-housing-en property_status-for-sale property_feature-beach property_feature-church property_feature-city-center property_feature-coast property_feature-condominium-en property_feature-detached-entry property_feature-dock property_feature-entertainment-center property_feature-environment property_feature-fire-department property_feature-health-center property_feature-high-school property_feature-hospital property_feature-housing-type property_feature-market-en property_feature-mosque property_feature-municipality property_feature-nature property_feature-neighborhood-market property_feature-northeast property_feature-park-en property_feature-park-green-space property_feature-pharmacy property_feature-police-station property_feature-primary-school-secondary-school property_feature-sea property_feature-sea-bus property_feature-ship property_feature-shopping-mall property_feature-title-deed-status property_feature-transportation property_country-turkiye property_state-marmara-region-2 property_city-istanbul-en property_area-adalar-en property-class-housing region-marmara-region\" role=\"listitem\">\n\t\t\t<div class=\"elementor-post__card\">\n\t\t\t\t<a class=\"elementor-post__thumbnail__link\" href=\"https:\/\/emlak24tr.com\/en\/property\/185m2-6-rooms-1-living-room-historic-building-near-the-sea-in-the-center-of-buyukada\/\" tabindex=\"-1\" ><div class=\"elementor-post__thumbnail\"><img loading=\"lazy\" decoding=\"async\" width=\"768\" height=\"1024\" src=\"https:\/\/emlak24tr.com\/wp-content\/uploads\/2023\/09\/satilik_adalar_tarihi-bina-11.jpeg\" class=\"attachment-full size-full wp-image-26823\" alt=\"\" srcset=\"https:\/\/emlak24tr.com\/wp-content\/uploads\/2023\/09\/satilik_adalar_tarihi-bina-11.jpeg 768w, https:\/\/emlak24tr.com\/wp-content\/uploads\/2023\/09\/satilik_adalar_tarihi-bina-11-225x300.jpeg 225w, https:\/\/emlak24tr.com\/wp-content\/uploads\/2023\/09\/satilik_adalar_tarihi-bina-11-450x600.jpeg 450w, https:\/\/emlak24tr.com\/wp-content\/uploads\/2023\/09\/satilik_adalar_tarihi-bina-11-496x661.jpeg 496w\" sizes=\"(max-width: 768px) 100vw, 768px\" \/><\/div><\/a>\n\t\t\t\t<div class=\"elementor-post__text\">\n\t\t\t\t<h4 class=\"elementor-post__title\">\n\t\t\t<a href=\"https:\/\/emlak24tr.com\/en\/property\/185m2-6-rooms-1-living-room-historic-building-near-the-sea-in-the-center-of-buyukada\/\" >\n\t\t\t\t185m2 6 Rooms 1 Living Room Historic Building near the sea, in the center of Buyukada\t\t\t<\/a>\n\t\t<\/h4>\n\t\t\t\t<div class=\"elementor-post__excerpt\">\n\t\t\t<p>6+1 185m2 net detached 2nd degree historical masonry building in Maden neighborhood in B\u00fcy\u00fckada. Our property is 100 meters to<\/p>\n\t\t<\/div>\n\t\t\t\t\t<div class=\"elementor-post__read-more-wrapper\">\n\t\t\n\t\t<a class=\"elementor-post__read-more\" href=\"https:\/\/emlak24tr.com\/en\/property\/185m2-6-rooms-1-living-room-historic-building-near-the-sea-in-the-center-of-buyukada\/\" aria-label=\"Read more about 185m2 6 Rooms 1 Living Room Historic Building near the sea, in the center of Buyukada\" tabindex=\"-1\" >\n\t\t\tRead More \u00bb\t\t<\/a>\n\n\t\t\t\t\t<\/div>\n\t\t\t\t<\/div>\n\t\t\t\t\t<\/div>\n\t\t<\/article>\n\t\t\t\t<article class=\"elementor-post elementor-grid-item post-26981 property type-property status-publish has-post-thumbnail hentry property_type-villa-2 property_status-for-sale property_label-housing property_country-turkiye property_state-mediterranean-region property_city-mugla property_area-fethiye property-class-housing region-mediterranean-region\" role=\"listitem\">\n\t\t\t<div class=\"elementor-post__card\">\n\t\t\t\t<a class=\"elementor-post__thumbnail__link\" href=\"https:\/\/emlak24tr.com\/en\/property\/ultra-luxury-triplex-villa-fethiye\/\" tabindex=\"-1\" ><div class=\"elementor-post__thumbnail\"><img loading=\"lazy\" decoding=\"async\" width=\"1600\" height=\"1200\" src=\"https:\/\/emlak24tr.com\/wp-content\/uploads\/2023\/09\/Fethiye-ultralux-tripleks-villa-23.jpg\" class=\"attachment-full size-full wp-image-26720\" alt=\"\" srcset=\"https:\/\/emlak24tr.com\/wp-content\/uploads\/2023\/09\/Fethiye-ultralux-tripleks-villa-23.jpg 1600w, https:\/\/emlak24tr.com\/wp-content\/uploads\/2023\/09\/Fethiye-ultralux-tripleks-villa-23-300x225.jpg 300w, https:\/\/emlak24tr.com\/wp-content\/uploads\/2023\/09\/Fethiye-ultralux-tripleks-villa-23-1024x768.jpg 1024w, https:\/\/emlak24tr.com\/wp-content\/uploads\/2023\/09\/Fethiye-ultralux-tripleks-villa-23-768x576.jpg 768w, https:\/\/emlak24tr.com\/wp-content\/uploads\/2023\/09\/Fethiye-ultralux-tripleks-villa-23-1536x1152.jpg 1536w, https:\/\/emlak24tr.com\/wp-content\/uploads\/2023\/09\/Fethiye-ultralux-tripleks-villa-23-592x444.jpg 592w, https:\/\/emlak24tr.com\/wp-content\/uploads\/2023\/09\/Fethiye-ultralux-tripleks-villa-23-584x438.jpg 584w, https:\/\/emlak24tr.com\/wp-content\/uploads\/2023\/09\/Fethiye-ultralux-tripleks-villa-23-800x600.jpg 800w, https:\/\/emlak24tr.com\/wp-content\/uploads\/2023\/09\/Fethiye-ultralux-tripleks-villa-23-120x90.jpg 120w, https:\/\/emlak24tr.com\/wp-content\/uploads\/2023\/09\/Fethiye-ultralux-tripleks-villa-23-496x372.jpg 496w\" sizes=\"(max-width: 1600px) 100vw, 1600px\" \/><\/div><\/a>\n\t\t\t\t<div class=\"elementor-post__text\">\n\t\t\t\t<h4 class=\"elementor-post__title\">\n\t\t\t<a href=\"https:\/\/emlak24tr.com\/en\/property\/ultra-luxury-triplex-villa-fethiye\/\" >\n\t\t\t\tUltra Luxury Triplex Villa &#8211; Fethiye\t\t\t<\/a>\n\t\t<\/h4>\n\t\t\t\t<div class=\"elementor-post__excerpt\">\n\t\t\t<p>Your dreamwith the happiness of offering you life in Fethiye&#8217;s unique nature and forestWe are proud to present our specially<\/p>\n\t\t<\/div>\n\t\t\t\t\t<div class=\"elementor-post__read-more-wrapper\">\n\t\t\n\t\t<a class=\"elementor-post__read-more\" href=\"https:\/\/emlak24tr.com\/en\/property\/ultra-luxury-triplex-villa-fethiye\/\" aria-label=\"Read more about Ultra Luxury Triplex Villa &#8211; Fethiye\" tabindex=\"-1\" >\n\t\t\tRead More \u00bb\t\t<\/a>\n\n\t\t\t\t\t<\/div>\n\t\t\t\t<\/div>\n\t\t\t\t\t<\/div>\n\t\t<\/article>\n\t\t\t\t<article class=\"elementor-post elementor-grid-item post-26586 property type-property status-publish has-post-thumbnail hentry property_type-building-land property_type-land property_type-villa-zoned property_status-for-sale property_feature-bus-station property_feature-city property_feature-city-center property_feature-close-to-public-transportation property_feature-credit-eligible property_feature-detached-parcel property_feature-electricity property_feature-entertainment-center property_feature-environment property_feature-facing-the-main-road property_feature-health-center property_feature-high-school property_feature-land-features property_feature-main-road property_feature-market-en property_feature-mosque property_feature-municipality property_feature-park-green-space property_feature-pharmacy property_feature-police-station property_feature-scene property_feature-shopping-mall property_feature-there-is-a-way property_feature-title-deed-status property_feature-transportation property_feature-zoning property_label-plot property_country-turkiye property_state-marmara-region-2 property_city-center property_city-darici-en property_city-duzce-en property-class-land region-marmara-region\" role=\"listitem\">\n\t\t\t<div class=\"elementor-post__card\">\n\t\t\t\t<a class=\"elementor-post__thumbnail__link\" href=\"https:\/\/emlak24tr.com\/en\/property\/8662m2-villa-zoning-bargain-land-for-urgent-sale-in-duzce-center\/\" tabindex=\"-1\" ><div class=\"elementor-post__thumbnail\"><img loading=\"lazy\" decoding=\"async\" width=\"864\" height=\"486\" src=\"https:\/\/emlak24tr.com\/wp-content\/uploads\/2023\/08\/duzce_satilik_villa_imarli_arazi-2.jpg\" class=\"attachment-full size-full wp-image-26524\" alt=\"\" srcset=\"https:\/\/emlak24tr.com\/wp-content\/uploads\/2023\/08\/duzce_satilik_villa_imarli_arazi-2.jpg 864w, https:\/\/emlak24tr.com\/wp-content\/uploads\/2023\/08\/duzce_satilik_villa_imarli_arazi-2-300x169.jpg 300w, https:\/\/emlak24tr.com\/wp-content\/uploads\/2023\/08\/duzce_satilik_villa_imarli_arazi-2-768x432.jpg 768w, https:\/\/emlak24tr.com\/wp-content\/uploads\/2023\/08\/duzce_satilik_villa_imarli_arazi-2-496x279.jpg 496w\" sizes=\"(max-width: 864px) 100vw, 864px\" \/><\/div><\/a>\n\t\t\t\t<div class=\"elementor-post__text\">\n\t\t\t\t<h4 class=\"elementor-post__title\">\n\t\t\t<a href=\"https:\/\/emlak24tr.com\/en\/property\/8662m2-villa-zoning-bargain-land-for-urgent-sale-in-duzce-center\/\" >\n\t\t\t\t8662m2 Villa Zoning Bargain Land for Urgent Sale in Duzce Center\t\t\t<\/a>\n\t\t<\/h4>\n\t\t\t\t<div class=\"elementor-post__excerpt\">\n\t\t\t<p>D\u00fczce Merkez Dar\u0131c\u0131 Mahallesi2652 Ada 2 Parsel = 8.662m\u00b2 2 Kat &#8211; 0,30 \u0130marl\u013118. Madde Uygulamas\u0131 Yap\u0131lm\u0131\u015fRoad Abandonment Procedures CompletedRoad<\/p>\n\t\t<\/div>\n\t\t\t\t\t<div class=\"elementor-post__read-more-wrapper\">\n\t\t\n\t\t<a class=\"elementor-post__read-more\" href=\"https:\/\/emlak24tr.com\/en\/property\/8662m2-villa-zoning-bargain-land-for-urgent-sale-in-duzce-center\/\" aria-label=\"Read more about 8662m2 Villa Zoning Bargain Land for Urgent Sale in Duzce Center\" tabindex=\"-1\" >\n\t\t\tRead More \u00bb\t\t<\/a>\n\n\t\t\t\t\t<\/div>\n\t\t\t\t<\/div>\n\t\t\t\t\t<\/div>\n\t\t<\/article>\n\t\t\t\t<article class=\"elementor-post elementor-grid-item post-26590 property type-property status-publish has-post-thumbnail hentry property_type-field property_type-land property_status-for-sale property_feature-beach property_feature-city property_feature-coast property_feature-credit-eligible property_feature-detached-parcel property_feature-environment property_feature-floor-provision property_feature-land-features property_feature-main-road property_feature-nature property_feature-scene property_feature-sea property_feature-there-is-a-way property_feature-title-deed-status property_feature-transportation property_feature-west-en property_label-plot property_country-turkiye property_state-aegean-region-en property_city-mugla property_area-bodrum property-class-land region-aegean-region\" role=\"listitem\">\n\t\t\t<div class=\"elementor-post__card\">\n\t\t\t\t<a class=\"elementor-post__thumbnail__link\" href=\"https:\/\/emlak24tr.com\/en\/property\/47633-m2-of-land-for-sale-in-bodrum-turgutreis-in-a-magnificent-location\/\" tabindex=\"-1\" ><div class=\"elementor-post__thumbnail\"><img loading=\"lazy\" decoding=\"async\" width=\"1024\" height=\"768\" src=\"https:\/\/emlak24tr.com\/wp-content\/uploads\/2023\/06\/2-3.jpg\" class=\"attachment-full size-full wp-image-21516\" alt=\"\" srcset=\"https:\/\/emlak24tr.com\/wp-content\/uploads\/2023\/06\/2-3.jpg 1024w, https:\/\/emlak24tr.com\/wp-content\/uploads\/2023\/06\/2-3-300x225.jpg 300w, https:\/\/emlak24tr.com\/wp-content\/uploads\/2023\/06\/2-3-768x576.jpg 768w, https:\/\/emlak24tr.com\/wp-content\/uploads\/2023\/06\/2-3-592x444.jpg 592w, https:\/\/emlak24tr.com\/wp-content\/uploads\/2023\/06\/2-3-584x438.jpg 584w, https:\/\/emlak24tr.com\/wp-content\/uploads\/2023\/06\/2-3-800x600.jpg 800w, https:\/\/emlak24tr.com\/wp-content\/uploads\/2023\/06\/2-3-120x90.jpg 120w, https:\/\/emlak24tr.com\/wp-content\/uploads\/2023\/06\/2-3-496x372.jpg 496w\" sizes=\"(max-width: 1024px) 100vw, 1024px\" \/><\/div><\/a>\n\t\t\t\t<div class=\"elementor-post__text\">\n\t\t\t\t<h4 class=\"elementor-post__title\">\n\t\t\t<a href=\"https:\/\/emlak24tr.com\/en\/property\/47633-m2-of-land-for-sale-in-bodrum-turgutreis-in-a-magnificent-location\/\" >\n\t\t\t\t47633 m2 of land for sale in Bodrum Turgutreis in a magnificent location\t\t\t<\/a>\n\t\t<\/h4>\n\t\t\t\t<div class=\"elementor-post__excerpt\">\n\t\t\t<p>In Bodrum, the indispensable holiday destination of recent years, 2.5 km from the center of Turgutreis, Turgut Reis Marina and<\/p>\n\t\t<\/div>\n\t\t\t\t\t<div class=\"elementor-post__read-more-wrapper\">\n\t\t\n\t\t<a class=\"elementor-post__read-more\" href=\"https:\/\/emlak24tr.com\/en\/property\/47633-m2-of-land-for-sale-in-bodrum-turgutreis-in-a-magnificent-location\/\" aria-label=\"Read more about 47633 m2 of land for sale in Bodrum Turgutreis in a magnificent location\" tabindex=\"-1\" >\n\t\t\tRead More \u00bb\t\t<\/a>\n\n\t\t\t\t\t<\/div>\n\t\t\t\t<\/div>\n\t\t\t\t\t<\/div>\n\t\t<\/article>\n\t\t\t\t<\/div>\n\t\t\n\t\t\t\t<div class=\"e-load-more-anchor\" data-page=\"1\" data-max-page=\"7\" data-next-page=\"https:\/\/emlak24tr.com\/en\/wp-json\/wp\/v2\/pages\/27137\/page\/2\/\"><\/div>\n\t\t\t\t<nav class=\"elementor-pagination\" aria-label=\"Pagination\">\n\t\t\t<span aria-current=\"page\" class=\"page-numbers current\"><span class=\"elementor-screen-only\">Page<\/span>1<\/span>\n<a class=\"page-numbers\" href=\"https:\/\/emlak24tr.com\/en\/wp-json\/wp\/v2\/pages\/27137\/page\/2\/\"><span class=\"elementor-screen-only\">Page<\/span>2<\/a>\n<a class=\"page-numbers\" href=\"https:\/\/emlak24tr.com\/en\/wp-json\/wp\/v2\/pages\/27137\/page\/3\/\"><span class=\"elementor-screen-only\">Page<\/span>3<\/a>\n<a class=\"page-numbers\" href=\"https:\/\/emlak24tr.com\/en\/wp-json\/wp\/v2\/pages\/27137\/page\/4\/\"><span class=\"elementor-screen-only\">Page<\/span>4<\/a>\n<a class=\"page-numbers\" href=\"https:\/\/emlak24tr.com\/en\/wp-json\/wp\/v2\/pages\/27137\/page\/5\/\"><span class=\"elementor-screen-only\">Page<\/span>5<\/a>\t\t<\/nav>\n\t\t\t\t\t\t<\/div>\n\t\t\t\t<\/div>\n\t\t\t\t\t<\/div>\n\t\t\t\t<\/div>\n\t\t\t\t<\/div>\n\t\t","protected":false},"excerpt":{"rendered":"<p>NEWS<\/p>\n","protected":false},"author":1,"featured_media":0,"parent":0,"menu_order":0,"comment_status":"closed","ping_status":"open","template":"elementor_header_footer","meta":{"content-type":"","_monsterinsights_skip_tracking":false,"_monsterinsights_sitenote_active":false,"_monsterinsights_sitenote_note":"","_monsterinsights_sitenote_category":0,"_uf_show_specific_survey":0,"_uf_disable_surveys":false,"footnotes":""},"property-class":[],"region":[],"class_list":["post-27137","page","type-page","status-publish","hentry"],"_links":{"self":[{"href":"https:\/\/emlak24tr.com\/en\/wp-json\/wp\/v2\/pages\/27137","targetHints":{"allow":["GET"]}}],"collection":[{"href":"https:\/\/emlak24tr.com\/en\/wp-json\/wp\/v2\/pages"}],"about":[{"href":"https:\/\/emlak24tr.com\/en\/wp-json\/wp\/v2\/types\/page"}],"author":[{"embeddable":true,"href":"https:\/\/emlak24tr.com\/en\/wp-json\/wp\/v2\/users\/1"}],"replies":[{"embeddable":true,"href":"https:\/\/emlak24tr.com\/en\/wp-json\/wp\/v2\/comments?post=27137"}],"version-history":[{"count":2,"href":"https:\/\/emlak24tr.com\/en\/wp-json\/wp\/v2\/pages\/27137\/revisions"}],"predecessor-version":[{"id":27142,"href":"https:\/\/emlak24tr.com\/en\/wp-json\/wp\/v2\/pages\/27137\/revisions\/27142"}],"wp:attachment":[{"href":"https:\/\/emlak24tr.com\/en\/wp-json\/wp\/v2\/media?parent=27137"}],"wp:term":[{"taxonomy":"property-class","embeddable":true,"href":"https:\/\/emlak24tr.com\/en\/wp-json\/wp\/v2\/property-class?post=27137"},{"taxonomy":"region","embeddable":true,"href":"https:\/\/emlak24tr.com\/en\/wp-json\/wp\/v2\/region?post=27137"}],"curies":[{"name":"wp","href":"https:\/\/api.w.org\/{rel}","templated":true}]}}