{"id":27141,"date":"2023-11-10T14:08:08","date_gmt":"2023-11-10T14:08:08","guid":{"rendered":"https:\/\/emlak24tr.com\/haberler\/"},"modified":"2023-11-12T17:23:56","modified_gmt":"2023-11-12T17:23:56","slug":"haberler","status":"publish","type":"page","link":"https:\/\/emlak24tr.com\/de\/haberler\/","title":{"rendered":"Nachrichten"},"content":{"rendered":"\t\t<div data-elementor-type=\"wp-page\" data-elementor-id=\"27141\" class=\"elementor elementor-27141 elementor-27078\" data-elementor-post-type=\"page\">\n\t\t\t\t<div class=\"elementor-element elementor-element-462b1618 e-flex e-con-boxed e-con e-parent\" data-id=\"462b1618\" data-element_type=\"container\" data-e-type=\"container\" data-settings=\"{&quot;background_slideshow_gallery&quot;:[{&quot;id&quot;:24320,&quot;url&quot;:&quot;https:\\\/\\\/emlak24tr.com\\\/wp-content\\\/uploads\\\/revslider\\\/architecture-process\\\/istur_Neo-futuristic_house_with_pool_architecture_by_david_rock_997de75f-5df4-4851-89b3-9ab751d93bbf-min.png&quot;},{&quot;id&quot;:24193,&quot;url&quot;:&quot;https:\\\/\\\/emlak24tr.com\\\/wp-content\\\/uploads\\\/2023\\\/07\\\/83-EX-IMG-SKYLAND-Istanbul-Emlak24TR.com_.jpg&quot;}],&quot;background_background&quot;:&quot;slideshow&quot;,&quot;background_slideshow_loop&quot;:&quot;yes&quot;,&quot;background_slideshow_slide_duration&quot;:5000,&quot;background_slideshow_slide_transition&quot;:&quot;fade&quot;,&quot;background_slideshow_transition_duration&quot;:500}\">\n\t\t\t\t\t<div class=\"e-con-inner\">\n\t\t<div class=\"elementor-element elementor-element-2da41f8 e-con-full e-flex e-con e-child\" data-id=\"2da41f8\" data-element_type=\"container\" data-e-type=\"container\">\n\t\t\t\t<div class=\"elementor-element elementor-element-e4710d9 elementor-widget elementor-widget-image\" data-id=\"e4710d9\" data-element_type=\"widget\" data-e-type=\"widget\" data-widget_type=\"image.default\">\n\t\t\t\t<div class=\"elementor-widget-container\">\n\t\t\t\t\t\t\t\t\t\t\t\t\t\t\t\t<a href=\"https:\/\/emlak24tr.com\/de\/werden-sie-unser-portfolio-finder\/\">\n\t\t\t\t\t\t\t<img fetchpriority=\"high\" decoding=\"async\" width=\"543\" height=\"540\" src=\"https:\/\/emlak24tr.com\/wp-content\/uploads\/2023\/11\/Potfoy-Bulucumuz-Olun.jpg\" class=\"attachment-large size-large wp-image-27098\" alt=\"\" srcset=\"https:\/\/emlak24tr.com\/wp-content\/uploads\/2023\/11\/Potfoy-Bulucumuz-Olun.jpg 543w, https:\/\/emlak24tr.com\/wp-content\/uploads\/2023\/11\/Potfoy-Bulucumuz-Olun-300x298.jpg 300w, https:\/\/emlak24tr.com\/wp-content\/uploads\/2023\/11\/Potfoy-Bulucumuz-Olun-150x150.jpg 150w, https:\/\/emlak24tr.com\/wp-content\/uploads\/2023\/11\/Potfoy-Bulucumuz-Olun-496x493.jpg 496w\" sizes=\"(max-width: 543px) 100vw, 543px\" \/>\t\t\t\t\t\t\t\t<\/a>\n\t\t\t\t\t\t\t\t\t\t\t\t\t\t\t<\/div>\n\t\t\t\t<\/div>\n\t\t\t\t<\/div>\n\t\t<div class=\"elementor-element elementor-element-39f9d7a e-con-full e-flex e-con e-child\" data-id=\"39f9d7a\" data-element_type=\"container\" data-e-type=\"container\">\n\t\t<div class=\"elementor-element elementor-element-2a2295ae e-flex e-con-boxed e-con e-child\" data-id=\"2a2295ae\" data-element_type=\"container\" data-e-type=\"container\" data-settings=\"{&quot;background_background&quot;:&quot;classic&quot;}\">\n\t\t\t\t\t<div class=\"e-con-inner\">\n\t\t\t\t<div class=\"elementor-element elementor-element-683e0105 elementor-widget elementor-widget-heading\" data-id=\"683e0105\" data-element_type=\"widget\" data-e-type=\"widget\" data-widget_type=\"heading.default\">\n\t\t\t\t<div class=\"elementor-widget-container\">\n\t\t\t\t\t<h1 class=\"elementor-heading-title elementor-size-default\">NEWS<\/h1>\t\t\t\t<\/div>\n\t\t\t\t<\/div>\n\t\t\t\t\t<\/div>\n\t\t\t\t<\/div>\n\t\t\t\t<\/div>\n\t\t\t\t\t<\/div>\n\t\t\t\t<\/div>\n\t\t<div class=\"elementor-element elementor-element-47bd0cc8 e-flex e-con-boxed e-con e-parent\" data-id=\"47bd0cc8\" data-element_type=\"container\" data-e-type=\"container\">\n\t\t\t\t\t<div class=\"e-con-inner\">\n\t\t\t\t<div class=\"elementor-element elementor-element-1ac35995 elementor-posts__hover-none elementor-grid-3 elementor-grid-tablet-2 elementor-grid-mobile-1 elementor-posts--thumbnail-top elementor-widget elementor-widget-posts\" data-id=\"1ac35995\" data-element_type=\"widget\" data-e-type=\"widget\" data-settings=\"{&quot;cards_row_gap&quot;:{&quot;unit&quot;:&quot;px&quot;,&quot;size&quot;:80,&quot;sizes&quot;:[]},&quot;cards_row_gap_tablet&quot;:{&quot;unit&quot;:&quot;px&quot;,&quot;size&quot;:71,&quot;sizes&quot;:[]},&quot;cards_row_gap_mobile&quot;:{&quot;unit&quot;:&quot;px&quot;,&quot;size&quot;:30,&quot;sizes&quot;:[]},&quot;pagination_type&quot;:&quot;numbers&quot;,&quot;cards_columns&quot;:&quot;3&quot;,&quot;cards_columns_tablet&quot;:&quot;2&quot;,&quot;cards_columns_mobile&quot;:&quot;1&quot;}\" data-widget_type=\"posts.cards\">\n\t\t\t\t<div class=\"elementor-widget-container\">\n\t\t\t\t\t\t\t<div class=\"elementor-posts-container elementor-posts elementor-posts--skin-cards elementor-grid\" role=\"list\">\n\t\t\t\t<article class=\"elementor-post elementor-grid-item post-26947 property type-property status-publish has-post-thumbnail hentry\" role=\"listitem\">\n\t\t\t<div class=\"elementor-post__card\">\n\t\t\t\t<a class=\"elementor-post__thumbnail__link\" href=\"https:\/\/emlak24tr.com\/de\/property\/9786-m2-feld-zu-verkaufen-in-manyas-balikesir\/\" tabindex=\"-1\" ><div class=\"elementor-post__thumbnail\"><img decoding=\"async\" width=\"1350\" height=\"562\" src=\"https:\/\/emlak24tr.com\/wp-content\/uploads\/2023\/09\/satilik_arsa_balikesir-manyas-1.jpg\" class=\"attachment-full size-full wp-image-26879\" alt=\"\" srcset=\"https:\/\/emlak24tr.com\/wp-content\/uploads\/2023\/09\/satilik_arsa_balikesir-manyas-1.jpg 1350w, https:\/\/emlak24tr.com\/wp-content\/uploads\/2023\/09\/satilik_arsa_balikesir-manyas-1-300x125.jpg 300w, https:\/\/emlak24tr.com\/wp-content\/uploads\/2023\/09\/satilik_arsa_balikesir-manyas-1-1024x426.jpg 1024w, https:\/\/emlak24tr.com\/wp-content\/uploads\/2023\/09\/satilik_arsa_balikesir-manyas-1-768x320.jpg 768w, https:\/\/emlak24tr.com\/wp-content\/uploads\/2023\/09\/satilik_arsa_balikesir-manyas-1-496x206.jpg 496w\" sizes=\"(max-width: 1350px) 100vw, 1350px\" \/><\/div><\/a>\n\t\t\t\t<div class=\"elementor-post__text\">\n\t\t\t\t<h4 class=\"elementor-post__title\">\n\t\t\t<a href=\"https:\/\/emlak24tr.com\/de\/property\/9786-m2-feld-zu-verkaufen-in-manyas-balikesir\/\" >\n\t\t\t\t9786 m2 Feld zu verkaufen in Manyas, Bal\u0131kesir\t\t\t<\/a>\n\t\t<\/h4>\n\t\t\t\t<div class=\"elementor-post__excerpt\">\n\t\t\t\t\t<\/div>\n\t\t\t\t\t<div class=\"elementor-post__read-more-wrapper\">\n\t\t\n\t\t<a class=\"elementor-post__read-more\" href=\"https:\/\/emlak24tr.com\/de\/property\/9786-m2-feld-zu-verkaufen-in-manyas-balikesir\/\" aria-label=\"Mehr \u00fcber 9786 m2 Feld zu verkaufen in Manyas, Bal\u0131kesir\" tabindex=\"-1\" >\n\t\t\tMehr lesen \"\t\t<\/a>\n\n\t\t\t\t\t<\/div>\n\t\t\t\t<\/div>\n\t\t\t\t\t<\/div>\n\t\t<\/article>\n\t\t\t\t<article class=\"elementor-post elementor-grid-item post-26948 property type-property status-publish has-post-thumbnail hentry property_type-feld property_type-grundstueck property_status-zu-verkaufen property_feature-es-gibt-einen-weg property_feature-geeignet-fur-kredite property_feature-grundstucksmerkmale property_label-grundstuck property_country-tuerkiye-de property_state-region-agais property_city-emet-de property_city-kutahya-de property-class-land region-central-anatolia-region\" role=\"listitem\">\n\t\t\t<div class=\"elementor-post__card\">\n\t\t\t\t<a class=\"elementor-post__thumbnail__link\" href=\"https:\/\/emlak24tr.com\/de\/property\/1975-m2-land-zu-verkaufen-in-emet-kuetahya\/\" tabindex=\"-1\" ><div class=\"elementor-post__thumbnail\"><img decoding=\"async\" width=\"1357\" height=\"557\" src=\"https:\/\/emlak24tr.com\/wp-content\/uploads\/2023\/09\/satilik_arsa_kutahya-emet-1-1.jpg\" class=\"attachment-full size-full wp-image-26868\" alt=\"\" srcset=\"https:\/\/emlak24tr.com\/wp-content\/uploads\/2023\/09\/satilik_arsa_kutahya-emet-1-1.jpg 1357w, https:\/\/emlak24tr.com\/wp-content\/uploads\/2023\/09\/satilik_arsa_kutahya-emet-1-1-300x123.jpg 300w, https:\/\/emlak24tr.com\/wp-content\/uploads\/2023\/09\/satilik_arsa_kutahya-emet-1-1-1024x420.jpg 1024w, https:\/\/emlak24tr.com\/wp-content\/uploads\/2023\/09\/satilik_arsa_kutahya-emet-1-1-768x315.jpg 768w, https:\/\/emlak24tr.com\/wp-content\/uploads\/2023\/09\/satilik_arsa_kutahya-emet-1-1-496x204.jpg 496w\" sizes=\"(max-width: 1357px) 100vw, 1357px\" \/><\/div><\/a>\n\t\t\t\t<div class=\"elementor-post__text\">\n\t\t\t\t<h4 class=\"elementor-post__title\">\n\t\t\t<a href=\"https:\/\/emlak24tr.com\/de\/property\/1975-m2-land-zu-verkaufen-in-emet-kuetahya\/\" >\n\t\t\t\t1975 m2 Land zu verkaufen in Emet, K\u00fctahya\t\t\t<\/a>\n\t\t<\/h4>\n\t\t\t\t<div class=\"elementor-post__excerpt\">\n\t\t\t<p>F\u00fcr die Zukunft, f\u00fcr Investitionen, wurde unser Land der M\u00f6glichkeiten Ihnen, unseren gesch\u00e4tzten Kunden, vorgestellt.<\/p>\n\t\t<\/div>\n\t\t\t\t\t<div class=\"elementor-post__read-more-wrapper\">\n\t\t\n\t\t<a class=\"elementor-post__read-more\" href=\"https:\/\/emlak24tr.com\/de\/property\/1975-m2-land-zu-verkaufen-in-emet-kuetahya\/\" aria-label=\"Mehr \u00fcber 1975 m2 Land zu verkaufen in Emet, K\u00fctahya\" tabindex=\"-1\" >\n\t\t\tMehr lesen \"\t\t<\/a>\n\n\t\t\t\t\t<\/div>\n\t\t\t\t<\/div>\n\t\t\t\t\t<\/div>\n\t\t<\/article>\n\t\t\t\t<article class=\"elementor-post elementor-grid-item post-26956 property type-property status-publish has-post-thumbnail hentry property_type-freist-haus-de property_type-gebaude property_type-wohnung property_status-zu-verkaufen property_feature-apotheke property_feature-dock-de property_feature-einkaufszentrum property_feature-feuerwehr property_feature-gesundheitszentrum property_feature-grundschule-sekundarschule property_feature-kirche property_feature-kommune property_feature-krankenhaus property_feature-kuste property_feature-markt-de property_feature-markt property_feature-meer property_feature-moschee property_feature-nachbarschaft property_feature-natur property_feature-nordost property_feature-oberschule property_feature-park-de property_feature-park-grunanlage property_feature-polizeiprasidium property_feature-schiff property_feature-seebus property_feature-seperater-eingang property_feature-stadtmitte property_feature-status-der-eigentumsurkunde property_feature-strand property_feature-umgebung property_feature-unterhaltungszentrum property_feature-wohnungseigentum property_feature-wohnungstyp property_country-tuerkiye-de property_state-marmara-bolgesi-de property_city-istanbul-de property_area-adalar-de property-class-housing region-marmara-region\" role=\"listitem\">\n\t\t\t<div class=\"elementor-post__card\">\n\t\t\t\t<a class=\"elementor-post__thumbnail__link\" href=\"https:\/\/emlak24tr.com\/de\/property\/185m2-6-zimmer-1-wohnzimmer-historisches-gebaeude-im-zentrum-von-buyukada-nahe-dem-meer\/\" tabindex=\"-1\" ><div class=\"elementor-post__thumbnail\"><img loading=\"lazy\" decoding=\"async\" width=\"768\" height=\"1024\" src=\"https:\/\/emlak24tr.com\/wp-content\/uploads\/2023\/09\/satilik_adalar_tarihi-bina-11.jpeg\" class=\"attachment-full size-full wp-image-26824\" alt=\"\" srcset=\"https:\/\/emlak24tr.com\/wp-content\/uploads\/2023\/09\/satilik_adalar_tarihi-bina-11.jpeg 768w, https:\/\/emlak24tr.com\/wp-content\/uploads\/2023\/09\/satilik_adalar_tarihi-bina-11-225x300.jpeg 225w, https:\/\/emlak24tr.com\/wp-content\/uploads\/2023\/09\/satilik_adalar_tarihi-bina-11-450x600.jpeg 450w, https:\/\/emlak24tr.com\/wp-content\/uploads\/2023\/09\/satilik_adalar_tarihi-bina-11-496x661.jpeg 496w\" sizes=\"(max-width: 768px) 100vw, 768px\" \/><\/div><\/a>\n\t\t\t\t<div class=\"elementor-post__text\">\n\t\t\t\t<h4 class=\"elementor-post__title\">\n\t\t\t<a href=\"https:\/\/emlak24tr.com\/de\/property\/185m2-6-zimmer-1-wohnzimmer-historisches-gebaeude-im-zentrum-von-buyukada-nahe-dem-meer\/\" >\n\t\t\t\t185m2 6 Zimmer 1 Wohnzimmer Historisches Geb\u00e4ude im Zentrum von Buyukada, nahe dem Meer\t\t\t<\/a>\n\t\t<\/h4>\n\t\t\t\t<div class=\"elementor-post__excerpt\">\n\t\t\t<p>6+1 185m2 netto freistehendes historisches Mauerwerksgeb\u00e4ude 2. Grades im Stadtteil Maden in B\u00fcy\u00fckada. Unser Haus liegt 100 m vom Meer,<\/p>\n\t\t<\/div>\n\t\t\t\t\t<div class=\"elementor-post__read-more-wrapper\">\n\t\t\n\t\t<a class=\"elementor-post__read-more\" href=\"https:\/\/emlak24tr.com\/de\/property\/185m2-6-zimmer-1-wohnzimmer-historisches-gebaeude-im-zentrum-von-buyukada-nahe-dem-meer\/\" aria-label=\"Mehr \u00fcber 185m2 6 Zimmer 1 Wohnzimmer Historisches Geb\u00e4ude im Zentrum von Buyukada, nahe dem Meer\" tabindex=\"-1\" >\n\t\t\tMehr lesen \"\t\t<\/a>\n\n\t\t\t\t\t<\/div>\n\t\t\t\t<\/div>\n\t\t\t\t\t<\/div>\n\t\t<\/article>\n\t\t\t\t<article class=\"elementor-post elementor-grid-item post-26995 property type-property status-publish has-post-thumbnail hentry property_type-villa-de property_status-zu-verkaufen property_label-unterkunft property_country-tuerkiye-de property_state-mittelmeerraum property_city-mugla-de-2 property_area-fethiye-de-2 property-class-housing region-mediterranean-region\" role=\"listitem\">\n\t\t\t<div class=\"elementor-post__card\">\n\t\t\t\t<a class=\"elementor-post__thumbnail__link\" href=\"https:\/\/emlak24tr.com\/de\/property\/ultra-luxus-triplex-villa-fethiye\/\" tabindex=\"-1\" ><div class=\"elementor-post__thumbnail\"><img loading=\"lazy\" decoding=\"async\" width=\"1600\" height=\"1200\" src=\"https:\/\/emlak24tr.com\/wp-content\/uploads\/2023\/09\/Fethiye-ultralux-tripleks-villa-23.jpg\" class=\"attachment-full size-full wp-image-26721\" alt=\"\" srcset=\"https:\/\/emlak24tr.com\/wp-content\/uploads\/2023\/09\/Fethiye-ultralux-tripleks-villa-23.jpg 1600w, https:\/\/emlak24tr.com\/wp-content\/uploads\/2023\/09\/Fethiye-ultralux-tripleks-villa-23-300x225.jpg 300w, https:\/\/emlak24tr.com\/wp-content\/uploads\/2023\/09\/Fethiye-ultralux-tripleks-villa-23-1024x768.jpg 1024w, https:\/\/emlak24tr.com\/wp-content\/uploads\/2023\/09\/Fethiye-ultralux-tripleks-villa-23-768x576.jpg 768w, https:\/\/emlak24tr.com\/wp-content\/uploads\/2023\/09\/Fethiye-ultralux-tripleks-villa-23-1536x1152.jpg 1536w, https:\/\/emlak24tr.com\/wp-content\/uploads\/2023\/09\/Fethiye-ultralux-tripleks-villa-23-592x444.jpg 592w, https:\/\/emlak24tr.com\/wp-content\/uploads\/2023\/09\/Fethiye-ultralux-tripleks-villa-23-584x438.jpg 584w, https:\/\/emlak24tr.com\/wp-content\/uploads\/2023\/09\/Fethiye-ultralux-tripleks-villa-23-800x600.jpg 800w, https:\/\/emlak24tr.com\/wp-content\/uploads\/2023\/09\/Fethiye-ultralux-tripleks-villa-23-120x90.jpg 120w, https:\/\/emlak24tr.com\/wp-content\/uploads\/2023\/09\/Fethiye-ultralux-tripleks-villa-23-496x372.jpg 496w\" sizes=\"(max-width: 1600px) 100vw, 1600px\" \/><\/div><\/a>\n\t\t\t\t<div class=\"elementor-post__text\">\n\t\t\t\t<h4 class=\"elementor-post__title\">\n\t\t\t<a href=\"https:\/\/emlak24tr.com\/de\/property\/ultra-luxus-triplex-villa-fethiye\/\" >\n\t\t\t\tUltra-Luxus-Triplex-Villa &#8211; Fethiye\t\t\t<\/a>\n\t\t<\/h4>\n\t\t\t\t<div class=\"elementor-post__excerpt\">\n\t\t\t<p>Ihr Traummit dem Gl\u00fcck, Ihnen das Leben in der einzigartigen Natur und dem Wald von Fethiye anbieten zu k\u00f6nnenWir sind<\/p>\n\t\t<\/div>\n\t\t\t\t\t<div class=\"elementor-post__read-more-wrapper\">\n\t\t\n\t\t<a class=\"elementor-post__read-more\" href=\"https:\/\/emlak24tr.com\/de\/property\/ultra-luxus-triplex-villa-fethiye\/\" aria-label=\"Mehr \u00fcber Ultra-Luxus-Triplex-Villa &#8211; Fethiye\" tabindex=\"-1\" >\n\t\t\tMehr lesen \"\t\t<\/a>\n\n\t\t\t\t\t<\/div>\n\t\t\t\t<\/div>\n\t\t\t\t\t<\/div>\n\t\t<\/article>\n\t\t\t\t<article class=\"elementor-post elementor-grid-item post-26584 property type-property status-publish has-post-thumbnail hentry property_type-bauland property_type-grundstueck property_type-villa-zoneneinteilung property_status-zu-verkaufen property_feature-apotheke property_feature-aussicht property_feature-bushaltestelle property_feature-einkaufszentrum property_feature-elektrik-de property_feature-es-gibt-einen-weg property_feature-freistehende-parzelle property_feature-geeignet-fur-kredite property_feature-gesundheitszentrum property_feature-grundstucksmerkmale property_feature-hauptstrase property_feature-kommune property_feature-markt-de property_feature-mit-blick-auf-die-hauptstrase property_feature-moschee property_feature-nachbarschaft property_feature-nahe-zu-offentlichen-verkehrsmitteln property_feature-oberschule property_feature-park-grunanlage property_feature-polizeiprasidium property_feature-stadt property_feature-stadtmitte property_feature-status-der-eigentumsurkunde property_feature-umgebung property_feature-unterhaltungszentrum property_feature-zoneneinteilung property_label-grundstuck property_country-tuerkiye-de property_state-marmara-bolgesi-de property_city-darici-de property_city-duzce-de property_city-zentrum property-class-land region-marmara-region\" role=\"listitem\">\n\t\t\t<div class=\"elementor-post__card\">\n\t\t\t\t<a class=\"elementor-post__thumbnail__link\" href=\"https:\/\/emlak24tr.com\/de\/property\/8662m2-villa-zoning-bargain-land-fuer-dringenden-verkauf-in-duzce-zentrum\/\" tabindex=\"-1\" ><div class=\"elementor-post__thumbnail\"><img loading=\"lazy\" decoding=\"async\" width=\"864\" height=\"486\" src=\"https:\/\/emlak24tr.com\/wp-content\/uploads\/2023\/08\/duzce_satilik_villa_imarli_arazi-2.jpg\" class=\"attachment-full size-full wp-image-26525\" alt=\"\" srcset=\"https:\/\/emlak24tr.com\/wp-content\/uploads\/2023\/08\/duzce_satilik_villa_imarli_arazi-2.jpg 864w, https:\/\/emlak24tr.com\/wp-content\/uploads\/2023\/08\/duzce_satilik_villa_imarli_arazi-2-300x169.jpg 300w, https:\/\/emlak24tr.com\/wp-content\/uploads\/2023\/08\/duzce_satilik_villa_imarli_arazi-2-768x432.jpg 768w, https:\/\/emlak24tr.com\/wp-content\/uploads\/2023\/08\/duzce_satilik_villa_imarli_arazi-2-496x279.jpg 496w\" sizes=\"(max-width: 864px) 100vw, 864px\" \/><\/div><\/a>\n\t\t\t\t<div class=\"elementor-post__text\">\n\t\t\t\t<h4 class=\"elementor-post__title\">\n\t\t\t<a href=\"https:\/\/emlak24tr.com\/de\/property\/8662m2-villa-zoning-bargain-land-fuer-dringenden-verkauf-in-duzce-zentrum\/\" >\n\t\t\t\t8662m2 Villa Zoning Bargain Land f\u00fcr dringenden Verkauf in Duzce Zentrum\t\t\t<\/a>\n\t\t<\/h4>\n\t\t\t\t<div class=\"elementor-post__excerpt\">\n\t\t\t<p>D\u00fczce Merkez Dar\u0131c\u0131 Mahallesi2652 Ada 2 Parsel = 8.662m\u00b2 2 Kat &#8211; 0,30 \u0130marl\u0131Artikel 18 AntragstellungVerfahren zur Stilllegung von Stra\u00dfen<\/p>\n\t\t<\/div>\n\t\t\t\t\t<div class=\"elementor-post__read-more-wrapper\">\n\t\t\n\t\t<a class=\"elementor-post__read-more\" href=\"https:\/\/emlak24tr.com\/de\/property\/8662m2-villa-zoning-bargain-land-fuer-dringenden-verkauf-in-duzce-zentrum\/\" aria-label=\"Mehr \u00fcber 8662m2 Villa Zoning Bargain Land f\u00fcr dringenden Verkauf in Duzce Zentrum\" tabindex=\"-1\" >\n\t\t\tMehr lesen \"\t\t<\/a>\n\n\t\t\t\t\t<\/div>\n\t\t\t\t<\/div>\n\t\t\t\t\t<\/div>\n\t\t<\/article>\n\t\t\t\t<article class=\"elementor-post elementor-grid-item post-26588 property type-property status-publish has-post-thumbnail hentry property_type-feld property_type-grundstueck property_status-zu-verkaufen property_feature-aussicht property_feature-es-gibt-einen-weg property_feature-freistehende-parzelle property_feature-geeignet-fur-kredite property_feature-grundstucksmerkmale property_feature-hauptstrase property_feature-kuste property_feature-meer property_feature-nachbarschaft property_feature-natur property_feature-stadt property_feature-status-der-eigentumsurkunde property_feature-strand property_feature-umgebung property_feature-west property_feature-wohnung-fur-land property_label-grundstuck property_country-tuerkiye-de property_state-region-agais property_city-mugla-de-2 property_area-bodrum-de-2 property-class-land region-aegean-region\" role=\"listitem\">\n\t\t\t<div class=\"elementor-post__card\">\n\t\t\t\t<a class=\"elementor-post__thumbnail__link\" href=\"https:\/\/emlak24tr.com\/de\/property\/bodrum-turgutreis-47633-m2-praechtig-gelegenes-grundstueck-zu-verkaufen\/\" tabindex=\"-1\" ><div class=\"elementor-post__thumbnail\"><img loading=\"lazy\" decoding=\"async\" width=\"1024\" height=\"768\" src=\"https:\/\/emlak24tr.com\/wp-content\/uploads\/2023\/06\/2-3.jpg\" class=\"attachment-full size-full wp-image-21517\" alt=\"\" srcset=\"https:\/\/emlak24tr.com\/wp-content\/uploads\/2023\/06\/2-3.jpg 1024w, https:\/\/emlak24tr.com\/wp-content\/uploads\/2023\/06\/2-3-300x225.jpg 300w, https:\/\/emlak24tr.com\/wp-content\/uploads\/2023\/06\/2-3-768x576.jpg 768w, https:\/\/emlak24tr.com\/wp-content\/uploads\/2023\/06\/2-3-592x444.jpg 592w, https:\/\/emlak24tr.com\/wp-content\/uploads\/2023\/06\/2-3-584x438.jpg 584w, https:\/\/emlak24tr.com\/wp-content\/uploads\/2023\/06\/2-3-800x600.jpg 800w, https:\/\/emlak24tr.com\/wp-content\/uploads\/2023\/06\/2-3-120x90.jpg 120w, https:\/\/emlak24tr.com\/wp-content\/uploads\/2023\/06\/2-3-496x372.jpg 496w\" sizes=\"(max-width: 1024px) 100vw, 1024px\" \/><\/div><\/a>\n\t\t\t\t<div class=\"elementor-post__text\">\n\t\t\t\t<h4 class=\"elementor-post__title\">\n\t\t\t<a href=\"https:\/\/emlak24tr.com\/de\/property\/bodrum-turgutreis-47633-m2-praechtig-gelegenes-grundstueck-zu-verkaufen\/\" >\n\t\t\t\tBodrum Turgutreis 47633 m2 Pr\u00e4chtig gelegenes Grundst\u00fcck zu verkaufen\t\t\t<\/a>\n\t\t<\/h4>\n\t\t\t\t<div class=\"elementor-post__excerpt\">\n\t\t\t<p>In Bodrum, dem unverzichtbaren Urlaubsort der letzten Jahre, 2,5 km vom Zentrum von Turgutreis, dem Yachthafen Turgut Reis und dem<\/p>\n\t\t<\/div>\n\t\t\t\t\t<div class=\"elementor-post__read-more-wrapper\">\n\t\t\n\t\t<a class=\"elementor-post__read-more\" href=\"https:\/\/emlak24tr.com\/de\/property\/bodrum-turgutreis-47633-m2-praechtig-gelegenes-grundstueck-zu-verkaufen\/\" aria-label=\"Mehr \u00fcber Bodrum Turgutreis 47633 m2 Pr\u00e4chtig gelegenes Grundst\u00fcck zu verkaufen\" tabindex=\"-1\" >\n\t\t\tMehr lesen \"\t\t<\/a>\n\n\t\t\t\t\t<\/div>\n\t\t\t\t<\/div>\n\t\t\t\t\t<\/div>\n\t\t<\/article>\n\t\t\t\t<\/div>\n\t\t\n\t\t\t\t<div class=\"e-load-more-anchor\" data-page=\"1\" data-max-page=\"6\" data-next-page=\"https:\/\/emlak24tr.com\/de\/wp-json\/wp\/v2\/pages\/27141\/page\/2\/\"><\/div>\n\t\t\t\t<nav class=\"elementor-pagination\" aria-label=\"Seitennummerierung\">\n\t\t\t<span aria-current=\"page\" class=\"page-numbers current\"><span class=\"elementor-screen-only\">Seite<\/span>1<\/span>\n<a class=\"page-numbers\" href=\"https:\/\/emlak24tr.com\/de\/wp-json\/wp\/v2\/pages\/27141\/page\/2\/\"><span class=\"elementor-screen-only\">Seite<\/span>2<\/a>\n<a class=\"page-numbers\" href=\"https:\/\/emlak24tr.com\/de\/wp-json\/wp\/v2\/pages\/27141\/page\/3\/\"><span class=\"elementor-screen-only\">Seite<\/span>3<\/a>\n<a class=\"page-numbers\" href=\"https:\/\/emlak24tr.com\/de\/wp-json\/wp\/v2\/pages\/27141\/page\/4\/\"><span class=\"elementor-screen-only\">Seite<\/span>4<\/a>\n<a class=\"page-numbers\" href=\"https:\/\/emlak24tr.com\/de\/wp-json\/wp\/v2\/pages\/27141\/page\/5\/\"><span class=\"elementor-screen-only\">Seite<\/span>5<\/a>\t\t<\/nav>\n\t\t\t\t\t\t<\/div>\n\t\t\t\t<\/div>\n\t\t\t\t\t<\/div>\n\t\t\t\t<\/div>\n\t\t\t\t<\/div>\n\t\t","protected":false},"excerpt":{"rendered":"<p>NEWS<\/p>\n","protected":false},"author":1,"featured_media":0,"parent":0,"menu_order":0,"comment_status":"closed","ping_status":"open","template":"elementor_header_footer","meta":{"content-type":"","_monsterinsights_skip_tracking":false,"_monsterinsights_sitenote_active":false,"_monsterinsights_sitenote_note":"","_monsterinsights_sitenote_category":0,"_uf_show_specific_survey":0,"_uf_disable_surveys":false,"footnotes":""},"property-class":[],"region":[],"class_list":["post-27141","page","type-page","status-publish","hentry"],"_links":{"self":[{"href":"https:\/\/emlak24tr.com\/de\/wp-json\/wp\/v2\/pages\/27141","targetHints":{"allow":["GET"]}}],"collection":[{"href":"https:\/\/emlak24tr.com\/de\/wp-json\/wp\/v2\/pages"}],"about":[{"href":"https:\/\/emlak24tr.com\/de\/wp-json\/wp\/v2\/types\/page"}],"author":[{"embeddable":true,"href":"https:\/\/emlak24tr.com\/de\/wp-json\/wp\/v2\/users\/1"}],"replies":[{"embeddable":true,"href":"https:\/\/emlak24tr.com\/de\/wp-json\/wp\/v2\/comments?post=27141"}],"version-history":[{"count":2,"href":"https:\/\/emlak24tr.com\/de\/wp-json\/wp\/v2\/pages\/27141\/revisions"}],"predecessor-version":[{"id":27144,"href":"https:\/\/emlak24tr.com\/de\/wp-json\/wp\/v2\/pages\/27141\/revisions\/27144"}],"wp:attachment":[{"href":"https:\/\/emlak24tr.com\/de\/wp-json\/wp\/v2\/media?parent=27141"}],"wp:term":[{"taxonomy":"property-class","embeddable":true,"href":"https:\/\/emlak24tr.com\/de\/wp-json\/wp\/v2\/property-class?post=27141"},{"taxonomy":"region","embeddable":true,"href":"https:\/\/emlak24tr.com\/de\/wp-json\/wp\/v2\/region?post=27141"}],"curies":[{"name":"wp","href":"https:\/\/api.w.org\/{rel}","templated":true}]}}